{"id":12,"date":"2025-07-10T15:26:21","date_gmt":"2025-07-10T13:26:21","guid":{"rendered":"http:\/\/it-wire.ch\/?page_id=12"},"modified":"2025-09-12T10:15:20","modified_gmt":"2025-09-12T08:15:20","slug":"startseite","status":"publish","type":"page","link":"https:\/\/it-wire.ch\/","title":{"rendered":"Startseite"},"content":{"rendered":"\n<div class=\"wp-block-cover alignfull is-light\" style=\"min-height:496px;aspect-ratio:unset;\"><span aria-hidden=\"true\" class=\"wp-block-cover__background has-background-dim-100 has-background-dim has-background-gradient\" style=\"background:linear-gradient(35deg,rgb(6,0,151) 0%,rgb(130,4,255) 73%,rgb(193,15,255) 100%)\"><\/span><div class=\"wp-block-cover__inner-container is-layout-flow wp-block-cover-is-layout-flow\">\n<div class=\"inherit-container-width wp-block-group alignwide is-layout-constrained wp-block-group-is-layout-constrained\">\n<div class=\"wp-block-media-text alignwide has-media-on-the-right is-stacked-on-mobile is-vertically-aligned-center\" style=\"grid-template-columns:auto 27%\"><div class=\"wp-block-media-text__content\">\n<h1 class=\"wp-block-heading has-text-align-left has-white-color has-text-color\">Blog-Service von SYSTEM-CLINCH<\/h1>\n\n\n\n<p class=\"has-white-color has-text-color\">Fragen und Anregungen an Info@Clinch.ch<\/p>\n\n\n\n<div class=\"wp-block-buttons is-layout-flex wp-block-buttons-is-layout-flex\">\n<div class=\"wp-block-button\"><a class=\"wp-block-button__link wp-element-button\" href=\"#\">Digital Media World<\/a><\/div>\n<\/div>\n<\/div><figure class=\"wp-block-media-text__media\"><img decoding=\"async\" src=\"http:\/\/it-wire.ch\/wp-content\/themes\/astra\/inc\/assets\/images\/starter-content\/hero-img.svg\" alt=\"\" class=\"wp-image-118 size-full\"\/><\/figure><\/div>\n<\/div>\n<\/div><\/div>\n\n\n\n<p><\/p>\n\n\n\n<div class=\"wp-block-query is-layout-flow wp-block-query-is-layout-flow\"><ul class=\"wp-block-post-template is-layout-flow wp-block-post-template-is-layout-flow\"><li class=\"wp-block-post post-71 post type-post status-publish format-standard hentry category-allgemein\">\n<h2 class=\"wp-block-post-title\">Ihre FritzBox steuert das Haus<\/h2>\n\n<div class=\"wp-block-post-excerpt\"><p class=\"wp-block-post-excerpt__excerpt\">Von AVM gibt es zu den Fritz-Boxen diverses Zubeh\u00f6r um das Zuhause zu steuern (Smart-Home). T\u00fcr-\/Fensterkontakt (350), Taster mit Display [&hellip;] <\/p><\/div>\n\n<div class=\"wp-block-post-date\"><time datetime=\"2025-07-15T18:42:07+02:00\">15. Juli 2025<\/time><\/div>\n<\/li><li class=\"wp-block-post post-1 post type-post status-publish format-standard hentry category-allgemein\">\n<h2 class=\"wp-block-post-title\">Hallo Welt!<\/h2>\n\n<div class=\"wp-block-post-excerpt\"><p class=\"wp-block-post-excerpt__excerpt\">Willkommen bei WordPress. Dies ist dein erster Beitrag. Bearbeite oder l\u00f6sche ihn und beginne mit dem Schreiben! <\/p><\/div>\n\n<div class=\"wp-block-post-date\"><time datetime=\"2025-07-10T14:16:48+02:00\">10. Juli 2025<\/time><\/div>\n<\/li><\/ul><\/div>\n\n\n\n<div class=\"wp-block-group alignfull is-layout-constrained wp-container-core-group-is-layout-45b0ac4f wp-block-group-is-layout-constrained\" id=\"services\" style=\"padding-top:144px;padding-bottom:0px\">\n<h2 class=\"wp-block-heading\">Our Services<\/h2>\n\n\n\n<div class=\"wp-block-columns is-layout-flex wp-container-core-columns-is-layout-60cbf9bb wp-block-columns-is-layout-flex\" style=\"margin-top:50px\">\n<div class=\"wp-block-column is-layout-flow wp-container-core-column-is-layout-6b73ce23 wp-block-column-is-layout-flow\">\n<figure class=\"wp-block-image size-full\"><img decoding=\"async\" src=\"http:\/\/it-wire.ch\/wp-content\/themes\/astra\/inc\/assets\/images\/starter-content\/branding.jpg\" alt=\"\" class=\"wp-image-230\"\/><\/figure>\n\n\n\n<h3 class=\"wp-block-heading\" style=\"margin-top:16px\">Branding Design<\/h3>\n\n\n\n<p>&#8230;<\/p>\n<\/div>\n\n\n\n<div class=\"wp-block-column is-layout-flow wp-container-core-column-is-layout-6b73ce23 wp-block-column-is-layout-flow\">\n<figure class=\"wp-block-image size-full\"><img decoding=\"async\" src=\"http:\/\/it-wire.ch\/wp-content\/themes\/astra\/inc\/assets\/images\/starter-content\/graphic.jpg\" alt=\"\" class=\"wp-image-232\"\/><\/figure>\n\n\n\n<h3 class=\"wp-block-heading\" style=\"margin-top:16px\">Graphic Design<\/h3>\n\n\n\n<p>&#8230;<\/p>\n<\/div>\n\n\n\n<div class=\"wp-block-column is-layout-flow wp-container-core-column-is-layout-6b73ce23 wp-block-column-is-layout-flow\">\n<figure class=\"wp-block-image size-full\"><img decoding=\"async\" src=\"http:\/\/it-wire.ch\/wp-content\/themes\/astra\/inc\/assets\/images\/starter-content\/web.jpg\" alt=\"\" class=\"wp-image-231\"\/><\/figure>\n\n\n\n<h3 class=\"wp-block-heading\" style=\"margin-top:16px\">Web Development<\/h3>\n\n\n\n<p>&#8230;<\/p>\n<\/div>\n<\/div>\n<\/div>\n\n\n\n<div class=\"wp-block-group alignfull has-ast-global-color-5-background-color has-background is-layout-constrained wp-container-core-group-is-layout-94d206d0 wp-block-group-is-layout-constrained\" id=\"about\" style=\"padding-top:143px;padding-bottom:144px\">\n<div class=\"wp-block-media-text has-media-on-the-right is-stacked-on-mobile is-vertically-aligned-center\"><div class=\"wp-block-media-text__content\">\n<div class=\"inherit-container-width wp-block-group is-layout-constrained wp-container-core-group-is-layout-47ce07ec wp-block-group-is-layout-constrained\" style=\"padding-right:80px\">\n<h2 class=\"wp-block-heading\" style=\"padding-right:40px\">We help teams build the business of their dreams<\/h2>\n\n\n\n<p>Wir sind ein Multi Service IT Unternehmen<\/p>\n\n\n\n<p>Von IT Systemen, Server, \u00fcber Netzwerk, Sicherheit, Datacenter, Elektrotechnik, Steuer- Mess- und Regeltechnik <\/p>\n<\/div>\n<\/div><figure class=\"wp-block-media-text__media\"><img decoding=\"async\" src=\"http:\/\/it-wire.ch\/wp-content\/themes\/astra\/inc\/assets\/images\/starter-content\/about-us.jpg\" alt=\"\" class=\"wp-image-237 size-full\"\/><\/figure><\/div>\n<\/div>\n\n\n\n<div class=\"wp-block-group alignfull has-ast-global-color-4-background-color has-background is-layout-constrained wp-container-core-group-is-layout-6a2cfb7b wp-block-group-is-layout-constrained\" id=\"reviews\">\n<figure class=\"wp-block-image aligncenter size-full\"><img decoding=\"async\" src=\"http:\/\/it-wire.ch\/wp-content\/themes\/astra\/inc\/assets\/images\/starter-content\/avatar.png\" alt=\"\" class=\"wp-image-235\"\/><\/figure>\n\n\n\n<p class=\"has-text-align-center\" style=\"font-size:22px;line-height:1.6\">Unsere Zusammenarbeit soll auf Vertrauen basieren, einer klaren Kommunikation folgen, die gemeinsamen Zielen werden mit gegenseitigem Respekt angegangen und umgesetzt. Wir wertgesch\u00e4tzten alle Team-mitglieder, mit ihre Ideenund L\u00f6sungsans\u00e4tzen.<\/p>\n\n\n\n<p class=\"has-text-align-center\" style=\"font-size:22px;line-height:1.6\">\u201d<\/p>\n\n\n\n<p class=\"has-text-align-center\">Credo von <strong>SYSTEM-CLINCH<\/strong><\/p>\n<\/div>\n\n\n\n<div class=\"wp-block-group alignfull is-layout-constrained wp-container-core-group-is-layout-3fee123f wp-block-group-is-layout-constrained\" id=\"whyus\" style=\"padding-top:144px;padding-bottom:144px\">\n<h2 class=\"wp-block-heading\">Warum Sie mit uns von Mehrwerten profitieren<\/h2>\n\n\n\n<div class=\"wp-block-columns is-layout-flex wp-container-core-columns-is-layout-29aadeec wp-block-columns-is-layout-flex\" style=\"margin-top:60px\">\n<div class=\"wp-block-column is-layout-flow wp-container-core-column-is-layout-6b73ce23 wp-block-column-is-layout-flow\">\n<figure class=\"wp-block-image size-large\"><img decoding=\"async\" src=\"http:\/\/it-wire.ch\/wp-content\/themes\/astra\/inc\/assets\/images\/starter-content\/passionate.svg\" alt=\"\" class=\"wp-image-162\"\/><\/figure>\n\n\n\n<h3 class=\"wp-block-heading\" style=\"margin-top:16px\">Leidenschaft<\/h3>\n\n\n\n<p>Es ist bei uns so, dass wir Ihre Anliegen erfassen und umsetzen. (Unternehmen die ihre Produkte aufdr\u00e4ngen gibt es gen\u00fcgend)<\/p>\n<\/div>\n\n\n\n<div class=\"wp-block-column is-layout-flow wp-container-core-column-is-layout-6b73ce23 wp-block-column-is-layout-flow\">\n<figure class=\"wp-block-image size-large\"><img decoding=\"async\" src=\"http:\/\/it-wire.ch\/wp-content\/themes\/astra\/inc\/assets\/images\/starter-content\/professional.svg\" alt=\"\" class=\"wp-image-163\"\/><\/figure>\n\n\n\n<h3 class=\"wp-block-heading\" style=\"margin-top:16px\">Professionell<\/h3>\n\n\n\n<p>Alles gew\u00fcnscht, erfasst, analysiert umgesetzt wird, ist dokumentiert und nachvollziehbar. Das ergibt eine Transparenz erm\u00f6glicht es uns im Team zu arbeiten.<\/p>\n<\/div>\n\n\n\n<div class=\"wp-block-column is-layout-flow wp-container-core-column-is-layout-6b73ce23 wp-block-column-is-layout-flow\">\n<figure class=\"wp-block-image size-large\"><img decoding=\"async\" src=\"http:\/\/it-wire.ch\/wp-content\/themes\/astra\/inc\/assets\/images\/starter-content\/support.svg\" alt=\"\" class=\"wp-image-164\"\/><\/figure>\n\n\n\n<h3 class=\"wp-block-heading\" style=\"margin-top:16px\">Support<\/h3>\n\n\n\n<p>Was wir empfehlen und Implemen-tieren ist nachhaltig auf lange Einsatzzeit, mit minimaler Wartung ausgelegt. <\/p>\n<\/div>\n<\/div>\n<\/div>\n\n\n\n<div class=\"wp-block-group alignfull has-background is-layout-constrained wp-container-core-group-is-layout-cfcca693 wp-block-group-is-layout-constrained\" id=\"contact\" style=\"background:linear-gradient(35deg,rgb(6,0,151) 0%,rgb(130,4,255) 64%,rgb(193,15,255) 98%);padding-top:104px;padding-bottom:104px\">\n<h2 class=\"wp-block-heading has-text-align-center has-text-color\" style=\"color:#ffffff\">Kommunizieren Sie mit uns \ud83d\ude42   Unser Blog liefert den Anstoss<\/h2>\n\n\n\n<div class=\"wp-block-buttons alignwide is-horizontal is-content-justification-center is-layout-flex wp-container-core-buttons-is-layout-bba8380a wp-block-buttons-is-layout-flex\" style=\"margin-top:50px\">\n<div class=\"wp-block-button\"><a class=\"wp-block-button__link wp-element-button\">Blog X FaceBook Insta Linkedin Twitter XIng<\/a><\/div>\n<\/div>\n<\/div>\n\n\n\n<p><\/p>\n","protected":false},"excerpt":{"rendered":"<p>Our Services Branding Design &#8230; Graphic Design &#8230; Web Development &#8230; We help teams build the business of their dreams [&hellip;]<\/p>\n","protected":false},"author":1,"featured_media":0,"parent":0,"menu_order":0,"comment_status":"closed","ping_status":"closed","template":"","meta":{"_monsterinsights_skip_tracking":false,"_monsterinsights_sitenote_active":false,"_monsterinsights_sitenote_note":"","_monsterinsights_sitenote_category":0,"site-sidebar-layout":"no-sidebar","site-content-layout":"plain-container","ast-site-content-layout":"default","site-content-style":"default","site-sidebar-style":"default","ast-global-header-display":"","ast-banner-title-visibility":"","ast-main-header-display":"","ast-hfb-above-header-display":"","ast-hfb-below-header-display":"","ast-hfb-mobile-header-display":"","site-post-title":"disabled","ast-breadcrumbs-content":"","ast-featured-img":"disabled","footer-sml-layout":"","theme-transparent-header-meta":"enabled","adv-header-id-meta":"","stick-header-meta":"","header-above-stick-meta":"","header-main-stick-meta":"","header-below-stick-meta":"","astra-migrate-meta-layouts":"default","ast-page-background-enabled":"default","ast-page-background-meta":{"desktop":{"background-color":"var(--ast-global-color-5)","background-image":"","background-repeat":"repeat","background-position":"center center","background-size":"auto","background-attachment":"scroll","background-type":"","background-media":"","overlay-type":"","overlay-color":"","overlay-opacity":"","overlay-gradient":""},"tablet":{"background-color":"","background-image":"","background-repeat":"repeat","background-position":"center center","background-size":"auto","background-attachment":"scroll","background-type":"","background-media":"","overlay-type":"","overlay-color":"","overlay-opacity":"","overlay-gradient":""},"mobile":{"background-color":"","background-image":"","background-repeat":"repeat","background-position":"center center","background-size":"auto","background-attachment":"scroll","background-type":"","background-media":"","overlay-type":"","overlay-color":"","overlay-opacity":"","overlay-gradient":""}},"ast-content-background-meta":{"desktop":{"background-color":"var(--ast-global-color-4)","background-image":"","background-repeat":"repeat","background-position":"center center","background-size":"auto","background-attachment":"scroll","background-type":"","background-media":"","overlay-type":"","overlay-color":"","overlay-opacity":"","overlay-gradient":""},"tablet":{"background-color":"var(--ast-global-color-4)","background-image":"","background-repeat":"repeat","background-position":"center center","background-size":"auto","background-attachment":"scroll","background-type":"","background-media":"","overlay-type":"","overlay-color":"","overlay-opacity":"","overlay-gradient":""},"mobile":{"background-color":"var(--ast-global-color-4)","background-image":"","background-repeat":"repeat","background-position":"center center","background-size":"auto","background-attachment":"scroll","background-type":"","background-media":"","overlay-type":"","overlay-color":"","overlay-opacity":"","overlay-gradient":""}},"footnotes":""},"class_list":["post-12","page","type-page","status-publish","hentry"],"yoast_head":"<!-- This site is optimized with the Yoast SEO plugin v25.5 - https:\/\/yoast.com\/wordpress\/plugins\/seo\/ -->\r\n<title>Startseite - IT-Wire Blog System<\/title>\r\n<meta name=\"robots\" content=\"index, follow, max-snippet:-1, max-image-preview:large, max-video-preview:-1\" \/>\r\n<link rel=\"canonical\" href=\"https:\/\/it-wire.ch\/\" \/>\r\n<meta property=\"og:locale\" content=\"de_DE\" \/>\r\n<meta property=\"og:type\" content=\"article\" \/>\r\n<meta property=\"og:title\" content=\"Startseite - IT-Wire Blog System\" \/>\r\n<meta property=\"og:description\" content=\"Our Services Branding Design &#8230; Graphic Design &#8230; Web Development &#8230; We help teams build the business of their dreams [&hellip;]\" \/>\r\n<meta property=\"og:url\" content=\"https:\/\/it-wire.ch\/\" \/>\r\n<meta property=\"og:site_name\" content=\"IT-Wire Blog System\" \/>\r\n<meta property=\"article:modified_time\" content=\"2025-09-12T08:15:20+00:00\" \/>\r\n<meta name=\"twitter:card\" content=\"summary_large_image\" \/>\r\n<meta name=\"twitter:label1\" content=\"Gesch\u00e4tzte Lesezeit\" \/>\n\t<meta name=\"twitter:data1\" content=\"3\u00a0Minuten\" \/>\r\n<script type=\"application\/ld+json\" class=\"yoast-schema-graph\">{\"@context\":\"https:\/\/schema.org\",\"@graph\":[{\"@type\":\"WebPage\",\"@id\":\"https:\/\/it-wire.ch\/\",\"url\":\"https:\/\/it-wire.ch\/\",\"name\":\"Startseite - IT-Wire Blog System\",\"isPartOf\":{\"@id\":\"https:\/\/it-wire.ch\/#website\"},\"primaryImageOfPage\":{\"@id\":\"https:\/\/it-wire.ch\/#primaryimage\"},\"image\":{\"@id\":\"https:\/\/it-wire.ch\/#primaryimage\"},\"thumbnailUrl\":\"http:\/\/it-wire.ch\/wp-content\/themes\/astra\/inc\/assets\/images\/starter-content\/hero-img.svg\",\"datePublished\":\"2025-07-10T13:26:21+00:00\",\"dateModified\":\"2025-09-12T08:15:20+00:00\",\"breadcrumb\":{\"@id\":\"https:\/\/it-wire.ch\/#breadcrumb\"},\"inLanguage\":\"de-CH\",\"potentialAction\":[{\"@type\":\"ReadAction\",\"target\":[\"https:\/\/it-wire.ch\/\"]}]},{\"@type\":\"ImageObject\",\"inLanguage\":\"de-CH\",\"@id\":\"https:\/\/it-wire.ch\/#primaryimage\",\"url\":\"\",\"contentUrl\":\"\"},{\"@type\":\"BreadcrumbList\",\"@id\":\"https:\/\/it-wire.ch\/#breadcrumb\",\"itemListElement\":[{\"@type\":\"ListItem\",\"position\":1,\"name\":\"Startseite\",\"item\":\"https:\/\/it-wire.ch\/\"},{\"@type\":\"ListItem\",\"position\":2,\"name\":\"Startseite\"}]},{\"@type\":\"WebSite\",\"@id\":\"https:\/\/it-wire.ch\/#website\",\"url\":\"https:\/\/it-wire.ch\/\",\"name\":\"IT-Wire Blog System\",\"description\":\"\",\"publisher\":{\"@id\":\"https:\/\/it-wire.ch\/#organization\"},\"potentialAction\":[{\"@type\":\"SearchAction\",\"target\":{\"@type\":\"EntryPoint\",\"urlTemplate\":\"https:\/\/it-wire.ch\/?s={search_term_string}\"},\"query-input\":{\"@type\":\"PropertyValueSpecification\",\"valueRequired\":true,\"valueName\":\"search_term_string\"}}],\"inLanguage\":\"de-CH\"},{\"@type\":\"Organization\",\"@id\":\"https:\/\/it-wire.ch\/#organization\",\"name\":\"SYSTEM-CLINCH IT Services\",\"url\":\"https:\/\/it-wire.ch\/\",\"logo\":{\"@type\":\"ImageObject\",\"inLanguage\":\"de-CH\",\"@id\":\"https:\/\/it-wire.ch\/#\/schema\/logo\/image\/\",\"url\":\"https:\/\/it-wire.ch\/wp-content\/uploads\/2025\/07\/logo-1.png\",\"contentUrl\":\"https:\/\/it-wire.ch\/wp-content\/uploads\/2025\/07\/logo-1.png\",\"width\":156,\"height\":40,\"caption\":\"SYSTEM-CLINCH IT Services\"},\"image\":{\"@id\":\"https:\/\/it-wire.ch\/#\/schema\/logo\/image\/\"}}]}<\/script>\r\n<!-- \/ Yoast SEO plugin. -->","yoast_head_json":{"title":"Startseite - IT-Wire Blog System","robots":{"index":"index","follow":"follow","max-snippet":"max-snippet:-1","max-image-preview":"max-image-preview:large","max-video-preview":"max-video-preview:-1"},"canonical":"https:\/\/it-wire.ch\/","og_locale":"de_DE","og_type":"article","og_title":"Startseite - IT-Wire Blog System","og_description":"Our Services Branding Design &#8230; Graphic Design &#8230; Web Development &#8230; We help teams build the business of their dreams [&hellip;]","og_url":"https:\/\/it-wire.ch\/","og_site_name":"IT-Wire Blog System","article_modified_time":"2025-09-12T08:15:20+00:00","twitter_card":"summary_large_image","twitter_misc":{"Gesch\u00e4tzte Lesezeit":"3\u00a0Minuten"},"schema":{"@context":"https:\/\/schema.org","@graph":[{"@type":"WebPage","@id":"https:\/\/it-wire.ch\/","url":"https:\/\/it-wire.ch\/","name":"Startseite - IT-Wire Blog System","isPartOf":{"@id":"https:\/\/it-wire.ch\/#website"},"primaryImageOfPage":{"@id":"https:\/\/it-wire.ch\/#primaryimage"},"image":{"@id":"https:\/\/it-wire.ch\/#primaryimage"},"thumbnailUrl":"http:\/\/it-wire.ch\/wp-content\/themes\/astra\/inc\/assets\/images\/starter-content\/hero-img.svg","datePublished":"2025-07-10T13:26:21+00:00","dateModified":"2025-09-12T08:15:20+00:00","breadcrumb":{"@id":"https:\/\/it-wire.ch\/#breadcrumb"},"inLanguage":"de-CH","potentialAction":[{"@type":"ReadAction","target":["https:\/\/it-wire.ch\/"]}]},{"@type":"ImageObject","inLanguage":"de-CH","@id":"https:\/\/it-wire.ch\/#primaryimage","url":"","contentUrl":""},{"@type":"BreadcrumbList","@id":"https:\/\/it-wire.ch\/#breadcrumb","itemListElement":[{"@type":"ListItem","position":1,"name":"Startseite","item":"https:\/\/it-wire.ch\/"},{"@type":"ListItem","position":2,"name":"Startseite"}]},{"@type":"WebSite","@id":"https:\/\/it-wire.ch\/#website","url":"https:\/\/it-wire.ch\/","name":"IT-Wire Blog System","description":"","publisher":{"@id":"https:\/\/it-wire.ch\/#organization"},"potentialAction":[{"@type":"SearchAction","target":{"@type":"EntryPoint","urlTemplate":"https:\/\/it-wire.ch\/?s={search_term_string}"},"query-input":{"@type":"PropertyValueSpecification","valueRequired":true,"valueName":"search_term_string"}}],"inLanguage":"de-CH"},{"@type":"Organization","@id":"https:\/\/it-wire.ch\/#organization","name":"SYSTEM-CLINCH IT Services","url":"https:\/\/it-wire.ch\/","logo":{"@type":"ImageObject","inLanguage":"de-CH","@id":"https:\/\/it-wire.ch\/#\/schema\/logo\/image\/","url":"https:\/\/it-wire.ch\/wp-content\/uploads\/2025\/07\/logo-1.png","contentUrl":"https:\/\/it-wire.ch\/wp-content\/uploads\/2025\/07\/logo-1.png","width":156,"height":40,"caption":"SYSTEM-CLINCH IT Services"},"image":{"@id":"https:\/\/it-wire.ch\/#\/schema\/logo\/image\/"}}]}},"_links":{"self":[{"href":"https:\/\/it-wire.ch\/index.php?rest_route=\/wp\/v2\/pages\/12","targetHints":{"allow":["GET"]}}],"collection":[{"href":"https:\/\/it-wire.ch\/index.php?rest_route=\/wp\/v2\/pages"}],"about":[{"href":"https:\/\/it-wire.ch\/index.php?rest_route=\/wp\/v2\/types\/page"}],"author":[{"embeddable":true,"href":"https:\/\/it-wire.ch\/index.php?rest_route=\/wp\/v2\/users\/1"}],"replies":[{"embeddable":true,"href":"https:\/\/it-wire.ch\/index.php?rest_route=%2Fwp%2Fv2%2Fcomments&post=12"}],"version-history":[{"count":14,"href":"https:\/\/it-wire.ch\/index.php?rest_route=\/wp\/v2\/pages\/12\/revisions"}],"predecessor-version":[{"id":84,"href":"https:\/\/it-wire.ch\/index.php?rest_route=\/wp\/v2\/pages\/12\/revisions\/84"}],"wp:attachment":[{"href":"https:\/\/it-wire.ch\/index.php?rest_route=%2Fwp%2Fv2%2Fmedia&parent=12"}],"curies":[{"name":"wp","href":"https:\/\/api.w.org\/{rel}","templated":true}]}}